{"id":2522,"date":"2021-01-05T16:47:58","date_gmt":"2021-01-05T14:47:58","guid":{"rendered":"https:\/\/agustench.com\/home\/"},"modified":"2022-03-03T16:42:43","modified_gmt":"2022-03-03T14:42:43","slug":"home","status":"publish","type":"page","link":"https:\/\/www.agustench.com\/es\/","title":{"rendered":"Home"},"content":{"rendered":"<div class=\"gb-container gb-container-c1f1455e\"><div class=\"gb-inside-container\">\n<div class=\"gb-grid-wrapper gb-grid-wrapper-3ad94129\">\n<div class=\"gb-grid-column gb-grid-column-a9445b77\"><div class=\"gb-container gb-container-a9445b77\"><div class=\"gb-inside-container\">\n\n<h1 class=\"gb-headline gb-headline-6758775c gb-headline-text\">Representaci\u00f3n y venta de productos para la decoracion y reformas<\/h1>\r\n\n\n<div class=\"gb-button-wrapper gb-button-wrapper-3344930b\">\n\n<a class=\"gb-button gb-button-29a1ff92 gb-button-text smooth-scroll\" href=\"#proveidors\">Consulta proveedores<\/a>\r\n\n\n\n<a class=\"gb-button gb-button-c54c4882 gb-button-text smooth-scroll\" href=\"#contacte\">Contacta<\/a>\r\n\n<\/div>\n<\/div><\/div><\/div>\n\n<div class=\"gb-grid-column gb-grid-column-b646afd2\"><div class=\"gb-container gb-container-b646afd2\"><div class=\"gb-inside-container\">\n\n<figure class=\"wp-block-image size-large is-resized\"><img loading=\"lazy\" decoding=\"async\" src=\"https:\/\/agustench.com\/wp-content\/uploads\/2021\/06\/undraw_business_deal.svg\" alt=\"\" class=\"wp-image-2306\" width=\"273\" height=\"207\"\/><\/figure>\n\n<\/div><\/div><\/div>\n<\/div>\n<\/div><div class=\"gb-shapes\"><div class=\"gb-shape gb-shape-1\"><svg xmlns=\"http:\/\/www.w3.org\/2000\/svg\" viewBox=\"0 0 1200 100\" preserveAspectRatio=\"none\"><path d=\"M1200 100H0V0l400 77.2L1200 0z\"\/><\/svg><\/div><\/div><\/div><div class=\"gb-container gb-container-4be02b6a\"><div class=\"gb-inside-container\">\n<div class=\"gb-grid-wrapper gb-grid-wrapper-bb5d0db5\">\n<div class=\"gb-grid-column gb-grid-column-50c092b4\"><div class=\"gb-container gb-container-50c092b4\"><div class=\"gb-inside-container\"><\/div><\/div><\/div>\n\n<div class=\"gb-grid-column gb-grid-column-b733da9b\"><div class=\"gb-container gb-container-b733da9b\"><div class=\"gb-inside-container\">\n\n<h2 class=\"gb-headline gb-headline-18b900c7 gb-headline-text\" id=\"nosaltres\">Sobre nosotros<\/h2>\r\n\n\n\n<p>Somos una empresa fundada el a\u00f1o 1993, dedicada principalmente a la venta de barnices y productos complementarios. Dentro de nuestra gama de art\u00edculos podr\u00e9is encontrar todo tipo de suelos de parquet, tarimas, etc.<\/p>\n\n\n\n<p>La lista de nuestros proveedores es larga y diversa. Para su comodidad le ofrecemos un <a href=\"#proveidors\" data-type=\"internal\" data-id=\"#proveidors\">listado por \u00e1reas<\/a> donde podr\u00e1 encontrar toda la informaci\u00f3n que demandan los profesionales mas exigentes<\/p>\n\n<\/div><\/div><\/div>\n<\/div>\n<\/div><\/div><div class=\"gb-container gb-container-efb08b12\"><div class=\"gb-inside-container\">\n\n<h2 class=\"gb-headline gb-headline-e8314ca9 gb-headline-text\" id=\"proveidors\">Nuestros proveedores<\/h2>\r\n\n\n<div class=\"section group\">\n\t<div class=\"col span_1_of_2\"><div class=\"toggle-trigger\"><h3><a href=\"#\">Adhesivos<\/a><\/h3><small>Adhesivos y colas<\/small><\/div><div class=\"toggle_container\"><div class=\"container-sup\"><a class=\"sup-item-content\" href=\"https:\/\/rayt.com\/es\/\" target=\"_blank\"><div class=\"supplier\"><span><img loading=\"lazy\" decoding=\"async\" width=\"100\" height=\"100\" src=\"https:\/\/www.agustench.com\/wp-content\/uploads\/2022\/03\/rayt-150x150.jpg\" class=\"alignleft wp-post-image\" alt=\"\" srcset=\"https:\/\/www.agustench.com\/wp-content\/uploads\/2022\/03\/rayt-150x150.jpg 150w, https:\/\/www.agustench.com\/wp-content\/uploads\/2022\/03\/rayt.jpg 250w\" sizes=\"auto, (max-width: 100px) 100vw, 100px\" \/><\/span><span><h4>Rayt<\/h4><p>Colas y adhesivos<\/p><\/span><\/div><\/a><span class=\"sup-item-catalog\"><\/span><\/div><div class=\"container-sup\"><a class=\"sup-item-content\" href=\"https:\/\/www.kleiberit.com\/es\/adhesivos\/\" target=\"_blank\"><div class=\"supplier\"><span><img loading=\"lazy\" decoding=\"async\" width=\"100\" height=\"100\" src=\"https:\/\/www.agustench.com\/wp-content\/uploads\/2021\/06\/kleiberit-150x150.jpeg\" class=\"alignleft wp-post-image\" alt=\"\" srcset=\"https:\/\/www.agustench.com\/wp-content\/uploads\/2021\/06\/kleiberit-150x150.jpeg 150w, https:\/\/www.agustench.com\/wp-content\/uploads\/2021\/06\/kleiberit.jpeg 230w\" sizes=\"auto, (max-width: 100px) 100vw, 100px\" \/><\/span><span><h4>Kleiberit<\/h4><p>Colas y adhesivos<\/p><\/span><\/div><\/a><span class=\"sup-item-catalog\"><\/span><\/div><\/div><div class=\"toggle-trigger\"><h3><a href=\"#\">Cocina<\/a><\/h3><small>Muebles para cocina<\/small><\/div><div class=\"toggle_container\"><div class=\"container-sup\"><a class=\"sup-item-content\" href=\"https:\/\/www.nuorlallave.com\/es\" target=\"_blank\"><div class=\"supplier\"><span><img loading=\"lazy\" decoding=\"async\" width=\"100\" height=\"100\" src=\"https:\/\/www.agustench.com\/wp-content\/uploads\/2021\/06\/nuor-la-llave2-150x150.jpeg\" class=\"alignleft wp-post-image\" alt=\"\" srcset=\"https:\/\/www.agustench.com\/wp-content\/uploads\/2021\/06\/nuor-la-llave2-150x150.jpeg 150w, https:\/\/www.agustench.com\/wp-content\/uploads\/2021\/06\/nuor-la-llave2.jpeg 288w\" sizes=\"auto, (max-width: 100px) 100vw, 100px\" \/><\/span><span><h4>Nuor la llave<\/h4><p>Cocinas<\/p><\/span><\/div><\/a><span class=\"sup-item-catalog\"><\/span><\/div><\/div>\n\t<\/div>\n\t<div class=\"col span_1_of_2\"><div class=\"toggle-trigger\"><h3><a href=\"#\">Barnices<\/a><\/h3><small>Barn\u00edz para todo tipo de superf\u00edcies<\/small><\/div><div class=\"toggle_container\"><div class=\"container-sup\"><a class=\"sup-item-content\" href=\"https:\/\/www.sayerlack.es\/\" target=\"_blank\"><div class=\"supplier\"><span><img loading=\"lazy\" decoding=\"async\" width=\"100\" height=\"100\" src=\"https:\/\/www.agustench.com\/wp-content\/uploads\/2022\/03\/sayerlack-150x150.webp\" class=\"alignleft wp-post-image\" alt=\"\" srcset=\"https:\/\/www.agustench.com\/wp-content\/uploads\/2022\/03\/sayerlack-150x150.webp 150w, https:\/\/www.agustench.com\/wp-content\/uploads\/2022\/03\/sayerlack.webp 256w\" sizes=\"auto, (max-width: 100px) 100vw, 100px\" \/><\/span><span><h4>Sayerlack<\/h4><p>Barnices<\/p><\/span><\/div><\/a><span class=\"sup-item-catalog\"><a href=\"https:\/\/www.agustench.com\/es\/catalogos-sayerlack\/\"><svg width=\"32px\" height=\"32px\" viewBox=\"0 0 32 32\" id=\"icon\" xmlns=\"http:\/\/www.w3.org\/2000\/svg\"><defs><style>.cls-1{fill:none;}<\/style><\/defs><title>catalog<\/title><path d=\"M26,2H8A2,2,0,0,0,6,4V8H4v2H6v5H4v2H6v5H4v2H6v4a2,2,0,0,0,2,2H26a2,2,0,0,0,2-2V4A2,2,0,0,0,26,2Zm0,26H8V24h2V22H8V17h2V15H8V10h2V8H8V4H26Z\" transform=\"translate(0 0)\"\/><rect x=\"14\" y=\"8\" width=\"8\" height=\"2\"\/><rect x=\"14\" y=\"15\" width=\"8\" height=\"2\"\/><rect x=\"14\" y=\"22\" width=\"8\" height=\"2\"\/><rect id=\"_Transparent_Rectangle_\" data-name=\"&lt;Transparent Rectangle&gt;\" class=\"cls-1\" width=\"32\" height=\"32\"\/><\/svg><br\/>Ver catalogos<\/a><\/span><\/div><div class=\"container-sup\"><a class=\"sup-item-content\" href=\"https:\/\/www.ivmchemicals.com\/en\" target=\"_blank\"><div class=\"supplier\"><span><img loading=\"lazy\" decoding=\"async\" width=\"100\" height=\"100\" src=\"https:\/\/www.agustench.com\/wp-content\/uploads\/2022\/03\/ilva-150x150.jpg\" class=\"alignleft wp-post-image\" alt=\"\" srcset=\"https:\/\/www.agustench.com\/wp-content\/uploads\/2022\/03\/ilva-150x150.jpg 150w, https:\/\/www.agustench.com\/wp-content\/uploads\/2022\/03\/ilva.jpg 200w\" sizes=\"auto, (max-width: 100px) 100vw, 100px\" \/><\/span><span><h4>iVM Chemicals<\/h4><p>Barnices<\/p><\/span><\/div><\/a><span class=\"sup-item-catalog\"><\/span><\/div><\/div><div class=\"toggle-trigger\"><h3><a href=\"#\">Parquets<\/a><\/h3><small>\u00c1mplia gama de suelos de parquet de gran calidad<\/small><\/div><div class=\"toggle_container\"><div class=\"container-sup\"><a class=\"sup-item-content\" href=\"https:\/\/www.distiplas.com\/\" target=\"_blank\"><div class=\"supplier\"><span><img loading=\"lazy\" decoding=\"async\" width=\"100\" height=\"100\" src=\"https:\/\/www.agustench.com\/wp-content\/uploads\/2021\/06\/distiplas-150x150.jpg\" class=\"alignleft wp-post-image\" alt=\"\" srcset=\"https:\/\/www.agustench.com\/wp-content\/uploads\/2021\/06\/distiplas-150x150.jpg 150w, https:\/\/www.agustench.com\/wp-content\/uploads\/2021\/06\/distiplas.jpg 260w\" sizes=\"auto, (max-width: 100px) 100vw, 100px\" \/><\/span><span><h4>Distiplas<\/h4><p>Distribuidor y fabricante de suelos de parquet<\/p><\/span><\/div><\/a><span class=\"sup-item-catalog\"><\/span><\/div><\/div>\t\n\t<\/div><\/div>\n\n<\/div><div class=\"gb-shapes\"><div class=\"gb-shape gb-shape-1\"><svg xmlns=\"http:\/\/www.w3.org\/2000\/svg\" viewBox=\"0 0 1200 100\" preserveAspectRatio=\"none\"><path d=\"M1200 100H0V0l400 77.2L1200 0z\"\/><\/svg><\/div><\/div><\/div><div class=\"gb-container gb-container-fdc53f10\"><div class=\"gb-inside-container\">\n\n<h2 class=\"gb-headline gb-headline-ebd47fe1 gb-headline-text\" id=\"contacte\">Contacta con nosotros<\/h2>\r\n\n\n<div class=\"gb-grid-wrapper gb-grid-wrapper-8b52f8f5\">\n<div class=\"gb-grid-column gb-grid-column-623d73eb\"><div class=\"gb-container gb-container-623d73eb\"><div class=\"gb-inside-container\">\n\n<div id=\"lmb_69f1750adb60b\" class=\"map_block_leaflet\" style=\"height: 226px\"><\/div>\n<script>\n\t( function(){\n\t\tfunction is_loading() {\n\t\t\treturn document.body.classList.contains(\"loading\");\n\t\t}\n\t\t\n\t\tfunction initilize() {\n\t\t\tconst map = L.map(\"lmb_69f1750adb60b\").setView([\"41.3001\", \"1.2621\"], \"12\");\n\t\n\t\t\tL.tileLayer(\"https:\/\/{s}.basemaps.cartocdn.com\/rastertiles\/voyager\/{z}\/{x}\/{y}{r}.png\", {\n\t\t\t\tattribution: '&copy; <a href=\"http: \/\/www.openstreetmap.org\/copyright\">OpenStreetMap<\/a> &copy; <a href=\"https:\/\/carto.com\/attribution\">CARTO<\/a>'\n\t\t\t}).addTo(map);\n\t\n\t\t\t\t\tmap.scrollWheelZoom.disable();\n\t\t\n\t\t\t\t\tconst icon = new L.Icon.Default();\n\t\t\n\t\t\t\t\tconst content = \"carrer dels Artesans 58, Valls, Catalunya, Espa\u00f1a\";\n\t\t\tL.marker([\"41.3001\", \"1.2621\"], { icon: icon}).addTo(map)\n\t\t\t\t.bindPopup( content.replace(\/\\r?\\n\/g, \"<br \/>\") )\n\t\t\n\t\t\tconst timer = 100;\n\t\t\tfunction checkRender() {\n\t\t\t\tif( is_loading()) {\n\t\t\t\t\tsetTimeout(function(){\n\t\t\t\t\t\tcheckRender();\n\t\t\t\t\t}, timer);\n\t\t\t\t} else {\n\t\t\t\t\tmap.invalidateSize(true);\n\t\t\t\t}\n\t\t\t}\n\n\t\t\tconst container = document.getElementById(\"lmb_69f1750adb60b\");\n\t\t\tconst observer = ResizeObserver && new ResizeObserver(function() {\n\t\t\t\tmap.invalidateSize(true);\n\t\t\t});\n\n\t\t\tobserver && observer.observe(container);\n\t\t}\n\n\t\tdocument.addEventListener(\"DOMContentLoaded\", initilize);\n\t} )();\n<\/script>\n\n<div class=\"gb-container gb-container-6f80b756\"><div class=\"gb-inside-container\">\n<div class=\"gb-grid-wrapper gb-grid-wrapper-cd833b95\">\n<div class=\"gb-grid-column gb-grid-column-c66c61bf\"><div class=\"gb-container gb-container-c66c61bf\"><div class=\"gb-inside-container\">\n\n<p class=\"gb-headline gb-headline-85a7b6c9\"><span class=\"gb-icon\"><svg aria-hidden=\"true\" role=\"img\" height=\"1em\" width=\"1em\" viewBox=\"0 0 384 512\" xmlns=\"http:\/\/www.w3.org\/2000\/svg\"><path fill=\"currentColor\" d=\"M172.268 501.67C26.97 291.031 0 269.413 0 192 0 85.961 85.961 0 192 0s192 85.961 192 192c0 77.413-26.97 99.031-172.268 309.67-9.535 13.774-29.93 13.773-39.464 0zM192 272c44.183 0 80-35.817 80-80s-35.817-80-80-80-80 35.817-80 80 35.817 80 80 80z\"><\/path><\/svg><\/span><span class=\"gb-headline-text\">Pol\u00edgono industrial de Valls<\/span><\/p>\r\n\n\n\n<p>C\/ dels Artesans, 58, Nave 6, 43800, Valls (Tarragona), Espa\u00f1a<\/p>\n\n<\/div><\/div><\/div>\n\n<div class=\"gb-grid-column gb-grid-column-652d9188\"><div class=\"gb-container gb-container-652d9188\"><div class=\"gb-inside-container\">\n\n<p class=\"gb-headline gb-headline-074a73a7\"><span class=\"gb-icon\"><svg xmlns=\"http:\/\/www.w3.org\/2000\/svg\" viewBox=\"0 0 43.3 59.3\"><path d=\"M35 59.3H8.3C3.7 59.3 0 55.6 0 51V8.3C0 3.7 3.7 0 8.3 0H35c4.6 0 8.3 3.7 8.3 8.3V51c0 4.6-3.7 8.3-8.3 8.3zM8.3 6C7 6 6 7 6 8.3V51c0 1.3 1 2.3 2.3 2.3H35c1.3 0 2.3-1 2.3-2.3V8.3C37.3 7 36.3 6 35 6H8.3z\"><\/path><path d=\"M21.7 48.7c-1.7 0-3-1.3-3-3s1.3-3 3-3 3 1.3 3 3-1.3 3-3 3z\"><\/path><\/svg><\/span><span class=\"gb-headline-text\"><strong>Tel\u00e9fono<\/strong>: <a href=\"tel:+34609314285\" data-type=\"tel\" data-id=\"tel:+34609314285\">+34 609 314 285<\/a> <\/span><\/p>\r\n\n\n\n<p class=\"gb-headline gb-headline-2b6dd222\"><span class=\"gb-icon\"><svg aria-hidden=\"true\" role=\"img\" height=\"1em\" width=\"1em\" viewBox=\"0 0 512 512\" xmlns=\"http:\/\/www.w3.org\/2000\/svg\"><path fill=\"currentColor\" d=\"M464 64H48C21.49 64 0 85.49 0 112v288c0 26.51 21.49 48 48 48h416c26.51 0 48-21.49 48-48V112c0-26.51-21.49-48-48-48zm0 48v40.805c-22.422 18.259-58.168 46.651-134.587 106.49-16.841 13.247-50.201 45.072-73.413 44.701-23.208.375-56.579-31.459-73.413-44.701C106.18 199.465 70.425 171.067 48 152.805V112h416zM48 400V214.398c22.914 18.251 55.409 43.862 104.938 82.646 21.857 17.205 60.134 55.186 103.062 54.955 42.717.231 80.509-37.199 103.053-54.947 49.528-38.783 82.032-64.401 104.947-82.653V400H48z\"><\/path><\/svg><\/span><span class=\"gb-headline-text\"><strong>Email<\/strong>: <a href=\"mailto:info@agustench.com\">info@agustench.com<\/a><\/span><\/p>\r\n\n<\/div><\/div><\/div>\n<\/div>\n<\/div><\/div>\n<\/div><\/div><\/div>\n\n<div class=\"gb-grid-column gb-grid-column-d49667cb\"><div class=\"gb-container gb-container-d49667cb\"><div class=\"gb-inside-container\">\n\n<div class=\"wp-block-contact-form-7-contact-form-selector\">\n<div class=\"wpcf7 no-js\" id=\"wpcf7-f2515-o1\" lang=\"es-ES\" dir=\"ltr\" data-wpcf7-id=\"2515\">\n<div class=\"screen-reader-response\"><p role=\"status\" aria-live=\"polite\" aria-atomic=\"true\"><\/p> <ul><\/ul><\/div>\n<form action=\"\/es\/wp-json\/wp\/v2\/pages\/2522#wpcf7-f2515-o1\" method=\"post\" class=\"wpcf7-form init\" aria-label=\"Formulario de contacto\" novalidate=\"novalidate\" data-status=\"init\">\n<fieldset class=\"hidden-fields-container\"><input type=\"hidden\" name=\"_wpcf7\" value=\"2515\" \/><input type=\"hidden\" name=\"_wpcf7_version\" value=\"6.1.5\" \/><input type=\"hidden\" name=\"_wpcf7_locale\" value=\"es_ES\" \/><input type=\"hidden\" name=\"_wpcf7_unit_tag\" value=\"wpcf7-f2515-o1\" \/><input type=\"hidden\" name=\"_wpcf7_container_post\" value=\"0\" \/><input type=\"hidden\" name=\"_wpcf7_posted_data_hash\" value=\"\" \/><input type=\"hidden\" name=\"_wpcf7_recaptcha_response\" value=\"\" \/>\n<\/fieldset>\n<div id=\"responsive-form\" class=\"clearfix\">\n\t<div class=\"form-row\">\n\t\t<div class=\"column-half\">\n\t\t\t<p><label> Nombre*<br \/>\n<span class=\"wpcf7-form-control-wrap\" data-name=\"your-name\"><input size=\"40\" maxlength=\"400\" class=\"wpcf7-form-control wpcf7-text wpcf7-validates-as-required\" aria-required=\"true\" aria-invalid=\"false\" value=\"\" type=\"text\" name=\"your-name\" \/><\/span> <\/label>\n\t\t\t<\/p>\n\t\t\t<p><label> Email*<br \/>\n<span class=\"wpcf7-form-control-wrap\" data-name=\"your-email\"><input size=\"40\" maxlength=\"400\" class=\"wpcf7-form-control wpcf7-email wpcf7-validates-as-required wpcf7-text wpcf7-validates-as-email\" aria-required=\"true\" aria-invalid=\"false\" value=\"\" type=\"email\" name=\"your-email\" \/><\/span> <\/label>\n\t\t\t<\/p>\n\t\t<\/div>\n\t\t<div class=\"column-half\">\n\t\t\t<p><label> Mensaje*<br \/>\n<span class=\"wpcf7-form-control-wrap\" data-name=\"your-message\"><textarea cols=\"40\" rows=\"4\" maxlength=\"2000\" class=\"wpcf7-form-control wpcf7-textarea wpcf7-validates-as-required\" aria-required=\"true\" aria-invalid=\"false\" name=\"your-message\"><\/textarea><\/span> <\/label>\n\t\t\t<\/p>\n\t\t<\/div>\n\t<\/div>\n\t<div class=\"column-full\">\n\t\t<p><span class=\"wpcf7-form-control-wrap\" data-name=\"acceptance-481\"><span class=\"wpcf7-form-control wpcf7-acceptance\"><span class=\"wpcf7-list-item\"><input type=\"checkbox\" name=\"acceptance-481\" value=\"1\" aria-invalid=\"false\" \/><\/span><\/span><\/span> He leido y acepto la declaraci\u00f3n de <a href=\"https:\/\/agustench.com\/es\/politica-de-privacidad\/\" target=\"_blank\">protecci\u00f3n de datos<\/a>\n\t\t<\/p>\n\t<\/div>\n\t<div class=\"column-full\">\n\t\t<p><input class=\"wpcf7-form-control wpcf7-submit has-spinner\" type=\"submit\" value=\"Enviar\" \/>\n\t\t<\/p>\n\t<\/div>\n<\/div>\n\n\n\n<div class=\"wpcf7-response-output\" aria-hidden=\"true\"><\/div>\n<\/form>\n<\/div>\n<\/div>\r\n\n<\/div><\/div><\/div>\n<\/div>\n\n<div class=\"gb-container gb-container-c206e326\"><div class=\"gb-inside-container\"><\/div><div class=\"gb-shapes\"><div class=\"gb-shape gb-shape-1\"><svg xmlns=\"http:\/\/www.w3.org\/2000\/svg\" viewBox=\"0 0 1200 100\" preserveAspectRatio=\"none\"><path d=\"M1200 100H0V0l400 77.2L1200 0z\"\/><\/svg><\/div><\/div><\/div>\n<\/div><\/div>\n<p><\/p>\n","protected":false},"excerpt":{"rendered":"<p>Nuestros proveedores Contacta con nosotros<\/p>\n","protected":false},"author":1,"featured_media":0,"parent":0,"menu_order":0,"comment_status":"closed","ping_status":"closed","template":"","meta":{"_acf_changed":false,"footnotes":""},"class_list":["post-2522","page","type-page","status-publish"],"acf":[],"_links":{"self":[{"href":"https:\/\/www.agustench.com\/es\/wp-json\/wp\/v2\/pages\/2522","targetHints":{"allow":["GET"]}}],"collection":[{"href":"https:\/\/www.agustench.com\/es\/wp-json\/wp\/v2\/pages"}],"about":[{"href":"https:\/\/www.agustench.com\/es\/wp-json\/wp\/v2\/types\/page"}],"author":[{"embeddable":true,"href":"https:\/\/www.agustench.com\/es\/wp-json\/wp\/v2\/users\/1"}],"replies":[{"embeddable":true,"href":"https:\/\/www.agustench.com\/es\/wp-json\/wp\/v2\/comments?post=2522"}],"version-history":[{"count":1,"href":"https:\/\/www.agustench.com\/es\/wp-json\/wp\/v2\/pages\/2522\/revisions"}],"predecessor-version":[{"id":2523,"href":"https:\/\/www.agustench.com\/es\/wp-json\/wp\/v2\/pages\/2522\/revisions\/2523"}],"wp:attachment":[{"href":"https:\/\/www.agustench.com\/es\/wp-json\/wp\/v2\/media?parent=2522"}],"curies":[{"name":"wp","href":"https:\/\/api.w.org\/{rel}","templated":true}]}}