{"id":2554,"date":"2021-04-28T01:45:18","date_gmt":"2021-04-27T23:45:18","guid":{"rendered":"https:\/\/agustench.com\/politica-de-privacidad\/"},"modified":"2022-03-15T12:10:57","modified_gmt":"2022-03-15T10:10:57","slug":"politica-de-privacidad","status":"publish","type":"page","link":"https:\/\/www.agustench.com\/es\/politica-de-privacidad\/","title":{"rendered":"Politica de privacidad"},"content":{"rendered":"\n<p>Responsable de los datos facilitados:<\/p>\n\n<ul class=\"wp-block-list\"><li>Identidad: JOAN AGUSTENCH PLANA<\/li><li>NIF: 77782592L<\/li><li>Direcci\u00f3n postal: C\/ Artesans n\u00ba58, nave 6 (Pol. Ind.) Valls, 43800 Tarragona<\/li><li>Tel\u00e9fono: +34 609 314 285<\/li><li>Email: <a href=\"mailto:info@agustench.com\">info@agustench.com<\/a><\/li><\/ul>\n\n<p>En nombre de la empresa tratamos la informaci\u00f3n que nos facilita con el fin de prestarles el servicio solicitado y realizar la facturaci\u00f3n del mismo. Los datos proporcionados se conservar\u00e1n mientras se mantenga la relaci\u00f3n comercial o durante los a\u00f1os necesarios para cumplir con las obligaciones legales. Los datos no se ceder\u00e1n a terceros salvo en los casos en que exista una obligaci\u00f3n legal. Usted tiene derecho a obtener confirmaci\u00f3n sobre si en JOAN AGUSTENCH PLANA estamos tratando sus datos personales por tanto tiene derecho a acceder a sus datos personales, rectificar los datos inexactos o solicitar su supresi\u00f3n cuando los datos ya no sean necesarios<\/p>\n","protected":false},"excerpt":{"rendered":"<p>Responsable de los datos facilitados: Identidad: JOAN AGUSTENCH PLANA NIF: 77782592L Direcci\u00f3n postal: C\/ Artesans n\u00ba58, nave 6 (Pol. Ind.) Valls, 43800 Tarragona Tel\u00e9fono: +34 &#8230; <a title=\"Politica de privacidad\" class=\"read-more\" href=\"https:\/\/www.agustench.com\/es\/politica-de-privacidad\/\" aria-label=\"Leer m\u00e1s sobre Politica de privacidad\">Read More<\/a><\/p>\n","protected":false},"author":1,"featured_media":0,"parent":0,"menu_order":0,"comment_status":"closed","ping_status":"open","template":"","meta":{"_acf_changed":false,"footnotes":""},"class_list":["post-2554","page","type-page","status-publish"],"acf":[],"_links":{"self":[{"href":"https:\/\/www.agustench.com\/es\/wp-json\/wp\/v2\/pages\/2554","targetHints":{"allow":["GET"]}}],"collection":[{"href":"https:\/\/www.agustench.com\/es\/wp-json\/wp\/v2\/pages"}],"about":[{"href":"https:\/\/www.agustench.com\/es\/wp-json\/wp\/v2\/types\/page"}],"author":[{"embeddable":true,"href":"https:\/\/www.agustench.com\/es\/wp-json\/wp\/v2\/users\/1"}],"replies":[{"embeddable":true,"href":"https:\/\/www.agustench.com\/es\/wp-json\/wp\/v2\/comments?post=2554"}],"version-history":[{"count":1,"href":"https:\/\/www.agustench.com\/es\/wp-json\/wp\/v2\/pages\/2554\/revisions"}],"predecessor-version":[{"id":2555,"href":"https:\/\/www.agustench.com\/es\/wp-json\/wp\/v2\/pages\/2554\/revisions\/2555"}],"wp:attachment":[{"href":"https:\/\/www.agustench.com\/es\/wp-json\/wp\/v2\/media?parent=2554"}],"curies":[{"name":"wp","href":"https:\/\/api.w.org\/{rel}","templated":true}]}}